{"id":1151,"date":"2021-07-13T10:25:08","date_gmt":"2021-07-13T08:25:08","guid":{"rendered":"https:\/\/www.hebergeur-image.com\/blog\/?page_id=1151"},"modified":"2021-07-13T10:25:08","modified_gmt":"2021-07-13T08:25:08","slug":"mentions-legales","status":"publish","type":"page","link":"https:\/\/www.hebergeur-image.com\/blog\/mentions-legales\/","title":{"rendered":"Mentions l\u00e9gales"},"content":{"rendered":"<div id=\"tdi_1_555\" class=\"tdc-zone\"><div class=\"tdc_zone tdi_2_003  wpb_row td-pb-row\"  >\n<style scoped>\n\n\/* custom css *\/\n.tdi_2_003{\r\n                    min-height: 0;\r\n                }\n<\/style><div id=\"tdi_3_d05\" class=\"tdc-row\"><div class=\"vc_row tdi_4_550  wpb_row td-pb-row\" >\n<style scoped>\n\n\/* custom css *\/\n.tdi_4_550,\r\n                .tdi_4_550 .tdc-columns{\r\n                    min-height: 0;\r\n                }.tdi_4_550,\r\n\t\t\t\t.tdi_4_550 .tdc-columns{\r\n\t\t\t\t    display: block;\r\n\t\t\t\t}.tdi_4_550 .tdc-columns{\r\n\t\t\t\t    width: 100%;\r\n\t\t\t\t}\n<\/style><div class=\"vc_column tdi_6_f99  wpb_column vc_column_container tdc-column td-pb-span12\">\n<style scoped>\n\n\/* custom css *\/\n.tdi_6_f99{\r\n                    vertical-align: baseline;\r\n                }.tdi_6_f99 > .wpb_wrapper,\r\n\t\t\t\t.tdi_6_f99 > .wpb_wrapper > .tdc-elements{\r\n\t\t\t\t    display: block;\r\n\t\t\t\t}.tdi_6_f99 > .wpb_wrapper > .tdc-elements{\r\n\t\t\t\t    width: 100%;\r\n\t\t\t\t}.tdi_6_f99 > .wpb_wrapper{\r\n\t\t\t\t    width: auto;\r\n\t\t\t\t    height: auto;\r\n\t\t\t\t}\n<\/style><div class=\"wpb_wrapper\"><div class=\"wpb_wrapper td_block_empty_space td_block_wrap vc_empty_space tdi_8_0dd \"  style=\"height: 32px\"><\/div><div class=\"td_block_wrap tdb_title tdi_9_5c5 tdb-page-title td-pb-border-top td_block_template_1\"  data-td-block-uid=\"tdi_9_5c5\" >\n<style>\n\/* custom css *\/\n.tdi_9_5c5 .tdb-title-line:after{\r\n\t\t\t\t\theight: 2px;\r\n\t\t\t\t\r\n\t\t\t\t\tbottom: 40%;\r\n\t\t\t\t}.tdi_9_5c5 .tdb-title-line{\r\n\t\t\t\t\theight: 50px;\r\n\t\t\t\t\r\n\t\t\t\t\tmargin-left: auto;\r\n\t\t\t\t\tmargin-right: auto;\r\n\t\t\t\t}.td-theme-wrap .tdi_9_5c5{\r\n\t\t\t\t\ttext-align: center;\r\n\t\t\t\t}.tdi_9_5c5 .tdb-first-letter{\r\n\t\t\t\t\tleft: 0;\r\n\t\t\t\t\tright: 0;\r\n\t\t\t\t}\n<\/style><div class=\"tdb-block-inner td-fix-index\"><h1 class=\"tdb-title-text\">Sample Page Title<\/h1><div><\/div><div class=\"tdb-title-line\"><\/div><\/div><\/div><\/div><\/div><\/div><\/div><div id=\"tdi_10_9f0\" class=\"tdc-row\"><div class=\"vc_row tdi_11_9f7  wpb_row td-pb-row\" >\n<style scoped>\n\n\/* custom css *\/\n.tdi_11_9f7,\r\n                .tdi_11_9f7 .tdc-columns{\r\n                    min-height: 0;\r\n                }.tdi_11_9f7,\r\n\t\t\t\t.tdi_11_9f7 .tdc-columns{\r\n\t\t\t\t    display: block;\r\n\t\t\t\t}.tdi_11_9f7 .tdc-columns{\r\n\t\t\t\t    width: 100%;\r\n\t\t\t\t}\n<\/style><div class=\"vc_column tdi_13_1b9  wpb_column vc_column_container tdc-column td-pb-span12\">\n<style scoped>\n\n\/* custom css *\/\n.tdi_13_1b9{\r\n                    vertical-align: baseline;\r\n                }.tdi_13_1b9 > .wpb_wrapper,\r\n\t\t\t\t.tdi_13_1b9 > .wpb_wrapper > .tdc-elements{\r\n\t\t\t\t    display: block;\r\n\t\t\t\t}.tdi_13_1b9 > .wpb_wrapper > .tdc-elements{\r\n\t\t\t\t    width: 100%;\r\n\t\t\t\t}.tdi_13_1b9 > .wpb_wrapper{\r\n\t\t\t\t    width: auto;\r\n\t\t\t\t    height: auto;\r\n\t\t\t\t}\n<\/style><div class=\"wpb_wrapper\"><div class=\"wpb_wrapper wpb_text_column td_block_wrap td_block_wrap vc_column_text tdi_14_5d0  tagdiv-type td-pb-border-top td_block_template_1\"  data-td-block-uid=\"tdi_14_5d0\" ><div class=\"td-block-title-wrap\"><\/div><div class=\"td-fix-index\"><p><strong>Editeur<\/strong><br \/>\nLe site hebergeur-image.com est un site \u00e9dit\u00e9 par la soci\u00e9t\u00e9 LaVisibilite.com SASU au capital de 19 450 \u20ac et dont le si\u00e8ge sociale est situ\u00e9 au 22 route de Nanfray, 74960 Annecy. Cette soci\u00e9t\u00e9 est enregistr\u00e9e au registre du commerce et des soci\u00e9t\u00e9s d\u2019Annecy sous le num\u00e9ro 824 941 298.<\/p>\n<p>Le directeur de publication est Monsieur Barberis-Negra Olivier.<\/p>\n<p><strong>H\u00e9bergeur<\/strong><br \/>\nLe site est h\u00e9berg\u00e9 par la soci\u00e9t\u00e9 O2Switch, SARL au capital de 100 000 \u20ac et enregistr\u00e9e au registre du commerce et des soci\u00e9t\u00e9s de Clermont-Ferrand sous le num\u00e9ro 510 909 807. Son si\u00e8ge social est situ\u00e9 au 222-224 Boulevard Gustave Flaubert, 63000 Clermont-Ferrand. Num\u00e9ro de t\u00e9l\u00e9phone : 04 44 44 60 40<\/p>\n<p><strong>Droit d\u2019auteur<\/strong><br \/>\nL\u2019ensemble du site hebergeur-image.com rel\u00e8ve de la l\u00e9gislation fran\u00e7aise et internationale sur le droit d\u2019auteur et la propri\u00e9t\u00e9 intellectuelle. Tous les droits de reproduction et de repr\u00e9sentation sont r\u00e9serv\u00e9s, y compris pour les documents t\u00e9l\u00e9chargeables et les repr\u00e9sentations iconographiques et photographiques. La reproduction de tout ou partie de ce site sur un support \u00e9lectronique quel qu\u2019il soit est formellement interdite sauf mention contraire et autorisation expresse du directeur de la publication. Les marques cit\u00e9es sur ce site sont d\u00e9pos\u00e9es par les soci\u00e9t\u00e9s qui en sont propri\u00e9taires<\/p>\n<\/div><\/div><\/div><\/div><\/div><\/div><\/div><\/div>","protected":false},"excerpt":{"rendered":"","protected":false},"author":1,"featured_media":0,"parent":0,"menu_order":0,"comment_status":"closed","ping_status":"closed","template":"","meta":{"_monsterinsights_skip_tracking":false,"_monsterinsights_sitenote_active":false,"_monsterinsights_sitenote_note":"","_monsterinsights_sitenote_category":0},"better_featured_image":null,"_links":{"self":[{"href":"https:\/\/www.hebergeur-image.com\/blog\/wp-json\/wp\/v2\/pages\/1151"}],"collection":[{"href":"https:\/\/www.hebergeur-image.com\/blog\/wp-json\/wp\/v2\/pages"}],"about":[{"href":"https:\/\/www.hebergeur-image.com\/blog\/wp-json\/wp\/v2\/types\/page"}],"author":[{"embeddable":true,"href":"https:\/\/www.hebergeur-image.com\/blog\/wp-json\/wp\/v2\/users\/1"}],"replies":[{"embeddable":true,"href":"https:\/\/www.hebergeur-image.com\/blog\/wp-json\/wp\/v2\/comments?post=1151"}],"version-history":[{"count":2,"href":"https:\/\/www.hebergeur-image.com\/blog\/wp-json\/wp\/v2\/pages\/1151\/revisions"}],"predecessor-version":[{"id":1153,"href":"https:\/\/www.hebergeur-image.com\/blog\/wp-json\/wp\/v2\/pages\/1151\/revisions\/1153"}],"wp:attachment":[{"href":"https:\/\/www.hebergeur-image.com\/blog\/wp-json\/wp\/v2\/media?parent=1151"}],"curies":[{"name":"wp","href":"https:\/\/api.w.org\/{rel}","templated":true}]}}